{"id":2609,"date":"2024-12-26T12:52:42","date_gmt":"2024-12-26T12:52:42","guid":{"rendered":"https:\/\/america2026.eu\/members-and-affiliates\/"},"modified":"2025-04-28T14:34:43","modified_gmt":"2025-04-28T14:34:43","slug":"members-and-affiliates","status":"publish","type":"page","link":"https:\/\/america2026.eu\/fr\/members-and-affiliates\/","title":{"rendered":"Membres du Consortium"},"content":{"rendered":"<div class=\"wpb-content-wrapper\">[vc_row pix_particles_check=\u00a0\u00bb\u00a0\u00bb css=\u00a0\u00bb.vc_custom_1728490504726{padding-right: 0px !important;padding-left: 0px !important;}\u00a0\u00bb el_class=\u00a0\u00bblegal-notices\u00a0\u00bb][vc_column][vc_column_text css=\u00a0\u00bb.vc_custom_1736358046909{margin-bottom: 50px !important;}\u00a0\u00bb el_id=\u00a0\u00bblegal-notices-txt\u00a0\u00bb]\r\n<h1 style=\"text-align: center;\"><strong>Members and affiliates<\/strong><\/h1>\r\n[\/vc_column_text][\/vc_column][\/vc_row][vc_row pix_particles_check=\u00a0\u00bb\u00a0\u00bb][vc_column][vc_column_text css=\u00a0\u00bb.vc_custom_1745835879057{margin-right: 60px !important;margin-bottom: 80px !important;margin-left: 60px !important;}\u00a0\u00bb]\r\n<p class=\"\" data-start=\"37\" data-end=\"440\">Le consortium <strong data-start=\"51\" data-end=\"67\">AMERICA 2026<\/strong> r\u00e9unit des historiens, politologues, sp\u00e9cialistes de la litt\u00e9rature, ainsi qu&rsquo;un conservateur de mus\u00e9e, des chercheurs confirm\u00e9s et jeunes chercheurs, ainsi que des doctorants, sp\u00e9cialis\u00e9s dans l\u2019histoire et les cultures des \u00c9tats-Unis du XVII\u1d49, XVIII\u1d49 et d\u00e9but XIX\u1d49 si\u00e8cles et du Monde Atlantique. La plupart des membres du consortium collaborent depuis un certain temps.<\/p>\r\n<p class=\"\" data-start=\"442\" data-end=\"731\">Les femmes repr\u00e9sentent 40 % des personnes impliqu\u00e9es dans le consortium et certaines occupent des postes cl\u00e9s, puisque plus de la moiti\u00e9 des comit\u00e9s du consortium sont dirig\u00e9s par des femmes universitaires. 50 % des membres du comit\u00e9 directeur sont \u00e9galement des femmes (4 sur 8 membres).<\/p>\r\n<p class=\"\" data-start=\"733\" data-end=\"1226\">La communaut\u00e9 <strong data-start=\"747\" data-end=\"762\">America2026<\/strong> est bien plus large que le consortium initial. Plus de 300 chercheurs et professionnels sont inscrits pour recevoir notre newsletter mensuelle, r\u00e9partis en Europe, aux \u00c9tats-Unis, au Japon et en Chine. Notre communaut\u00e9 inclut non seulement des universitaires, mais aussi des enseignants, des journalistes et des \u00e9diteurs de radio et de magazines d\u00e9sireux de participer \u00e0 nos \u00e9v\u00e9nements ou simplement de transmettre l\u2019information \u00e0 leurs propres parties prenantes.<\/p>\r\n[\/vc_column_text][\/vc_column][\/vc_row][vc_row pix_particles_check=\u00a0\u00bb\u00a0\u00bb][vc_column][\/vc_column][\/vc_row]<\/div>","protected":false},"excerpt":{"rendered":"[vc_row pix_particles_check=\u00a0\u00bb\u00a0\u00bb css=\u00a0\u00bb.vc_custom_1728490504726{padding-right: 0px !important;padding-left: 0px !important;}\u00a0\u00bb el_class=\u00a0\u00bblegal-notices\u00a0\u00bb][vc_column][vc_column_text css=\u00a0\u00bb.vc_custom_1736358046909{margin-bottom: 50px !important;}\u00a0\u00bb el_id=\u00a0\u00bblegal-notices-txt\u00a0\u00bb] Members and affiliates [\/vc_column_text][\/vc_column][\/vc_row][vc_row pix_particles_check=\u00a0\u00bb\u00a0\u00bb][vc_column][vc_column_text css=\u00a0\u00bb.vc_custom_1745835879057{margin-right: 60px !important;margin-bottom: 80px !important;margin-left: 60px !important;}\u00a0\u00bb] Le consortium AMERICA 2026 r\u00e9unit des historiens, politologues, sp\u00e9cialistes de la litt\u00e9rature, ainsi qu&rsquo;un conservateur de&#8230;","protected":false},"author":2,"featured_media":0,"parent":0,"menu_order":0,"comment_status":"closed","ping_status":"closed","template":"","meta":{"_acf_changed":false,"footnotes":""},"class_list":["post-2609","page","type-page","status-publish","hentry"],"acf":[],"yoast_head":"<!-- This site is optimized with the Yoast SEO plugin v24.3 - https:\/\/yoast.com\/wordpress\/plugins\/seo\/ -->\n<title>Membres du Consortium - America 2026<\/title>\n<meta name=\"robots\" content=\"index, follow, max-snippet:-1, max-image-preview:large, max-video-preview:-1\" \/>\n<link rel=\"canonical\" href=\"https:\/\/america2026.eu\/members-and-affiliates\/\" \/>\n<meta property=\"og:locale\" content=\"fr_FR\" \/>\n<meta property=\"og:type\" content=\"article\" \/>\n<meta property=\"og:title\" content=\"Membres du Consortium - America 2026\" \/>\n<meta property=\"og:description\" content=\"[vc_row pix_particles_check=\u00a0\u00bb\u00a0\u00bb css=\u00a0\u00bb.vc_custom_1728490504726{padding-right: 0px !important;padding-left: 0px !important;}\u00a0\u00bb el_class=\u00a0\u00bblegal-notices\u00a0\u00bb][vc_column][vc_column_text css=\u00a0\u00bb.vc_custom_1736358046909{margin-bottom: 50px !important;}\u00a0\u00bb el_id=\u00a0\u00bblegal-notices-txt\u00a0\u00bb] Members and affiliates [\/vc_column_text][\/vc_column][\/vc_row][vc_row pix_particles_check=\u00a0\u00bb\u00a0\u00bb][vc_column][vc_column_text css=\u00a0\u00bb.vc_custom_1745835879057{margin-right: 60px !important;margin-bottom: 80px !important;margin-left: 60px !important;}\u00a0\u00bb] Le consortium AMERICA 2026 r\u00e9unit des historiens, politologues, sp\u00e9cialistes de la litt\u00e9rature, ainsi qu&rsquo;un conservateur de...\" \/>\n<meta property=\"og:url\" content=\"https:\/\/america2026.eu\/members-and-affiliates\/\" \/>\n<meta property=\"og:site_name\" content=\"America 2026\" \/>\n<meta property=\"article:modified_time\" content=\"2025-04-28T14:34:43+00:00\" \/>\n<meta property=\"og:image\" content=\"https:\/\/america2026.eu\/wp-content\/uploads\/2024\/10\/Untitled-3.png\" \/>\n\t<meta property=\"og:image:width\" content=\"6579\" \/>\n\t<meta property=\"og:image:height\" content=\"1454\" \/>\n\t<meta property=\"og:image:type\" content=\"image\/png\" \/>\n<meta name=\"twitter:label1\" content=\"Dur\u00e9e de lecture estim\u00e9e\" \/>\n\t<meta name=\"twitter:data1\" content=\"1 minute\" \/>\n<script type=\"application\/ld+json\" class=\"yoast-schema-graph\">{\"@context\":\"https:\/\/schema.org\",\"@graph\":[{\"@type\":\"WebPage\",\"@id\":\"https:\/\/america2026.eu\/members-and-affiliates\/\",\"url\":\"https:\/\/america2026.eu\/members-and-affiliates\/\",\"name\":\"Membres du Consortium - America 2026\",\"isPartOf\":{\"@id\":\"https:\/\/america2026.eu\/#website\"},\"datePublished\":\"2024-12-26T12:52:42+00:00\",\"dateModified\":\"2025-04-28T14:34:43+00:00\",\"breadcrumb\":{\"@id\":\"https:\/\/america2026.eu\/members-and-affiliates\/#breadcrumb\"},\"inLanguage\":\"fr-FR\",\"potentialAction\":[{\"@type\":\"ReadAction\",\"target\":[\"https:\/\/america2026.eu\/members-and-affiliates\/\"]}]},{\"@type\":\"BreadcrumbList\",\"@id\":\"https:\/\/america2026.eu\/members-and-affiliates\/#breadcrumb\",\"itemListElement\":[{\"@type\":\"ListItem\",\"position\":1,\"name\":\"Accueil\",\"item\":\"https:\/\/america2026.eu\/fr\/\"},{\"@type\":\"ListItem\",\"position\":2,\"name\":\"Membres du Consortium\"}]},{\"@type\":\"WebSite\",\"@id\":\"https:\/\/america2026.eu\/#website\",\"url\":\"https:\/\/america2026.eu\/\",\"name\":\"America 2026\",\"description\":\"\",\"publisher\":{\"@id\":\"https:\/\/america2026.eu\/#organization\"},\"potentialAction\":[{\"@type\":\"SearchAction\",\"target\":{\"@type\":\"EntryPoint\",\"urlTemplate\":\"https:\/\/america2026.eu\/?s={search_term_string}\"},\"query-input\":{\"@type\":\"PropertyValueSpecification\",\"valueRequired\":true,\"valueName\":\"search_term_string\"}}],\"inLanguage\":\"fr-FR\"},{\"@type\":\"Organization\",\"@id\":\"https:\/\/america2026.eu\/#organization\",\"name\":\"America 2026\",\"url\":\"https:\/\/america2026.eu\/\",\"logo\":{\"@type\":\"ImageObject\",\"inLanguage\":\"fr-FR\",\"@id\":\"https:\/\/america2026.eu\/#\/schema\/logo\/image\/\",\"url\":\"https:\/\/america2026.eu\/wp-content\/uploads\/2024\/10\/Untitled-3.png\",\"contentUrl\":\"https:\/\/america2026.eu\/wp-content\/uploads\/2024\/10\/Untitled-3.png\",\"width\":6579,\"height\":1454,\"caption\":\"America 2026\"},\"image\":{\"@id\":\"https:\/\/america2026.eu\/#\/schema\/logo\/image\/\"}}]}<\/script>\n<!-- \/ Yoast SEO plugin. -->","yoast_head_json":{"title":"Membres du Consortium - America 2026","robots":{"index":"index","follow":"follow","max-snippet":"max-snippet:-1","max-image-preview":"max-image-preview:large","max-video-preview":"max-video-preview:-1"},"canonical":"https:\/\/america2026.eu\/members-and-affiliates\/","og_locale":"fr_FR","og_type":"article","og_title":"Membres du Consortium - America 2026","og_description":"[vc_row pix_particles_check=\u00a0\u00bb\u00a0\u00bb css=\u00a0\u00bb.vc_custom_1728490504726{padding-right: 0px !important;padding-left: 0px !important;}\u00a0\u00bb el_class=\u00a0\u00bblegal-notices\u00a0\u00bb][vc_column][vc_column_text css=\u00a0\u00bb.vc_custom_1736358046909{margin-bottom: 50px !important;}\u00a0\u00bb el_id=\u00a0\u00bblegal-notices-txt\u00a0\u00bb] Members and affiliates [\/vc_column_text][\/vc_column][\/vc_row][vc_row pix_particles_check=\u00a0\u00bb\u00a0\u00bb][vc_column][vc_column_text css=\u00a0\u00bb.vc_custom_1745835879057{margin-right: 60px !important;margin-bottom: 80px !important;margin-left: 60px !important;}\u00a0\u00bb] Le consortium AMERICA 2026 r\u00e9unit des historiens, politologues, sp\u00e9cialistes de la litt\u00e9rature, ainsi qu&rsquo;un conservateur de...","og_url":"https:\/\/america2026.eu\/members-and-affiliates\/","og_site_name":"America 2026","article_modified_time":"2025-04-28T14:34:43+00:00","og_image":[{"width":6579,"height":1454,"url":"https:\/\/america2026.eu\/wp-content\/uploads\/2024\/10\/Untitled-3.png","type":"image\/png"}],"twitter_misc":{"Dur\u00e9e de lecture estim\u00e9e":"1 minute"},"schema":{"@context":"https:\/\/schema.org","@graph":[{"@type":"WebPage","@id":"https:\/\/america2026.eu\/members-and-affiliates\/","url":"https:\/\/america2026.eu\/members-and-affiliates\/","name":"Membres du Consortium - America 2026","isPartOf":{"@id":"https:\/\/america2026.eu\/#website"},"datePublished":"2024-12-26T12:52:42+00:00","dateModified":"2025-04-28T14:34:43+00:00","breadcrumb":{"@id":"https:\/\/america2026.eu\/members-and-affiliates\/#breadcrumb"},"inLanguage":"fr-FR","potentialAction":[{"@type":"ReadAction","target":["https:\/\/america2026.eu\/members-and-affiliates\/"]}]},{"@type":"BreadcrumbList","@id":"https:\/\/america2026.eu\/members-and-affiliates\/#breadcrumb","itemListElement":[{"@type":"ListItem","position":1,"name":"Accueil","item":"https:\/\/america2026.eu\/fr\/"},{"@type":"ListItem","position":2,"name":"Membres du Consortium"}]},{"@type":"WebSite","@id":"https:\/\/america2026.eu\/#website","url":"https:\/\/america2026.eu\/","name":"America 2026","description":"","publisher":{"@id":"https:\/\/america2026.eu\/#organization"},"potentialAction":[{"@type":"SearchAction","target":{"@type":"EntryPoint","urlTemplate":"https:\/\/america2026.eu\/?s={search_term_string}"},"query-input":{"@type":"PropertyValueSpecification","valueRequired":true,"valueName":"search_term_string"}}],"inLanguage":"fr-FR"},{"@type":"Organization","@id":"https:\/\/america2026.eu\/#organization","name":"America 2026","url":"https:\/\/america2026.eu\/","logo":{"@type":"ImageObject","inLanguage":"fr-FR","@id":"https:\/\/america2026.eu\/#\/schema\/logo\/image\/","url":"https:\/\/america2026.eu\/wp-content\/uploads\/2024\/10\/Untitled-3.png","contentUrl":"https:\/\/america2026.eu\/wp-content\/uploads\/2024\/10\/Untitled-3.png","width":6579,"height":1454,"caption":"America 2026"},"image":{"@id":"https:\/\/america2026.eu\/#\/schema\/logo\/image\/"}}]}},"_links":{"self":[{"href":"https:\/\/america2026.eu\/fr\/wp-json\/wp\/v2\/pages\/2609","targetHints":{"allow":["GET"]}}],"collection":[{"href":"https:\/\/america2026.eu\/fr\/wp-json\/wp\/v2\/pages"}],"about":[{"href":"https:\/\/america2026.eu\/fr\/wp-json\/wp\/v2\/types\/page"}],"author":[{"embeddable":true,"href":"https:\/\/america2026.eu\/fr\/wp-json\/wp\/v2\/users\/2"}],"replies":[{"embeddable":true,"href":"https:\/\/america2026.eu\/fr\/wp-json\/wp\/v2\/comments?post=2609"}],"version-history":[{"count":2,"href":"https:\/\/america2026.eu\/fr\/wp-json\/wp\/v2\/pages\/2609\/revisions"}],"predecessor-version":[{"id":2611,"href":"https:\/\/america2026.eu\/fr\/wp-json\/wp\/v2\/pages\/2609\/revisions\/2611"}],"wp:attachment":[{"href":"https:\/\/america2026.eu\/fr\/wp-json\/wp\/v2\/media?parent=2609"}],"curies":[{"name":"wp","href":"https:\/\/api.w.org\/{rel}","templated":true}]}}